{"id":96425,"date":"2023-11-14T16:23:12","date_gmt":"2023-11-14T16:23:12","guid":{"rendered":"https:\/\/buitensport.inthedemo.com\/disclaimer\/"},"modified":"2025-05-13T14:22:42","modified_gmt":"2025-05-13T14:22:42","slug":"haftungsausschluss","status":"publish","type":"page","link":"https:\/\/buitensport.inthedemo.com\/de\/haftungsausschluss\/","title":{"rendered":"Haftungsausschluss"},"content":{"rendered":"\t\t<div data-elementor-type=\"wp-page\" data-elementor-id=\"96425\" class=\"elementor elementor-96425 elementor-57912\" data-elementor-post-type=\"page\">\n\t\t\t\t<div class=\"elementor-element elementor-element-e9c5f76 e-flex e-con-boxed e-con e-parent\" data-id=\"e9c5f76\" data-element_type=\"container\" data-settings=\"{&quot;background_background&quot;:&quot;classic&quot;}\">\n\t\t\t\t\t<div class=\"e-con-inner\">\n\t\t\t\t<div class=\"elementor-element elementor-element-6b0fc39 elementor-widget elementor-widget-heading\" data-id=\"6b0fc39\" data-element_type=\"widget\" data-widget_type=\"heading.default\">\n\t\t\t\t<div class=\"elementor-widget-container\">\n\t\t\t\t\t<h1 class=\"elementor-heading-title elementor-size-default\">Haftungsausschluss<\/h1>\t\t\t\t<\/div>\n\t\t\t\t<\/div>\n\t\t\t\t\t<\/div>\n\t\t\t\t<\/div>\n\t\t<div class=\"elementor-element elementor-element-6993178 e-flex e-con-boxed e-con e-parent\" data-id=\"6993178\" data-element_type=\"container\">\n\t\t\t\t\t<div class=\"e-con-inner\">\n\t\t<div class=\"elementor-element elementor-element-f01e02b e-flex e-con-boxed e-con e-child\" data-id=\"f01e02b\" data-element_type=\"container\">\n\t\t\t\t\t<div class=\"e-con-inner\">\n\t\t\t\t<div class=\"elementor-element elementor-element-d94e692 elementor-widget elementor-widget-text-editor\" data-id=\"d94e692\" data-element_type=\"widget\" data-widget_type=\"text-editor.default\">\n\t\t\t\t<div class=\"elementor-widget-container\">\n\t\t\t\t\t\t\t\t\t<p>Buitensportvoeding.nl bem\u00fcht sich nach Kr\u00e4ften, sicherzustellen, dass die auf dieser Site angebotenen Informationen so vollst\u00e4ndig und genau wie m\u00f6glich sind, \u00fcbernimmt jedoch keine Garantie f\u00fcr die Richtigkeit der bereitgestellten Informationen. Besucher und\/oder Benutzer dieser Website k\u00f6nnen aus den auf der Site angebotenen Informationen keinerlei Rechte ableiten. Alle Angaben vorbehaltlich Preis\u00e4nderungen, Tippfehlern, Irrt\u00fcmern und Marktentwicklungen. Die gezeigten Bilder dienen nur zur Veranschaulichung.<\/p><p>\u00a0<\/p><p>Die geistigen Eigentumsrechte an allen Informationen auf dieser Site liegen bei Buitensportvoeding.nl, einem Handelsnamen von The Gear Shop. Das Kopieren und\/oder Verteilen von Informationen dieser Website in jeglicher Form ist ohne vorherige schriftliche Genehmigung nicht gestattet.<\/p><p>\u00a0<\/p><p>Diese Website kann Links zu Websites enthalten, die nicht zu Buitensportvoeding.nl geh\u00f6ren. Buitensportvoeding.nl ist in keiner Weise f\u00fcr den Inhalt oder die Nutzung dieser Websites oder f\u00fcr etwaige Folgen eines Besuchs einer mit dieser Site verlinkten Internetseite verantwortlich.<\/p><p>\u00a0<\/p><p>Von Buitensportvoeding.nl per E-Mail versandte Informationen sind ausschlie\u00dflich f\u00fcr den Empf\u00e4nger bestimmt. Eine Nutzung dieser Informationen durch andere Personen als den Adressaten ist nicht gestattet. Buitensportvoeding.nl ist nicht verantwortlich f\u00fcr die korrekte und vollst\u00e4ndige \u00dcbertragung des Inhalts gesendeter E-Mails oder f\u00fcr deren rechtzeitigen Empfang. Aus den Ihnen zugesandten Informationen k\u00f6nnen keinerlei Rechte abgeleitet werden.<\/p>\t\t\t\t\t\t\t\t<\/div>\n\t\t\t\t<\/div>\n\t\t\t\t\t<\/div>\n\t\t\t\t<\/div>\n\t\t\t\t\t<\/div>\n\t\t\t\t<\/div>\n\t\t\t\t<\/div>\n\t\t","protected":false},"excerpt":{"rendered":"<p>Buitensportvoeding.nl bem\u00fcht sich nach Kr\u00e4ften, sicherzustellen, dass die auf dieser Site angebotenen Informationen so vollst\u00e4ndig und genau wie m\u00f6glich sind, \u00fcbernimmt jedoch keine Garantie f\u00fcr die Richtigkeit der bereitgestellten Informationen. Besucher und\/oder Benutzer dieser Website k\u00f6nnen aus den auf der Site angebotenen Informationen keinerlei Rechte ableiten. Alle Angaben vorbehaltlich Preis\u00e4nderungen, Tippfehlern, Irrt\u00fcmern und Marktentwicklungen. Die [&hellip;]<\/p>\n","protected":false},"author":1,"featured_media":0,"parent":0,"menu_order":0,"comment_status":"closed","ping_status":"closed","template":"","meta":{"_acf_changed":false,"footnotes":""},"class_list":["post-96425","page","type-page","status-publish","hentry"],"acf":[],"_links":{"self":[{"href":"https:\/\/buitensport.inthedemo.com\/de\/wp-json\/wp\/v2\/pages\/96425","targetHints":{"allow":["GET"]}}],"collection":[{"href":"https:\/\/buitensport.inthedemo.com\/de\/wp-json\/wp\/v2\/pages"}],"about":[{"href":"https:\/\/buitensport.inthedemo.com\/de\/wp-json\/wp\/v2\/types\/page"}],"author":[{"embeddable":true,"href":"https:\/\/buitensport.inthedemo.com\/de\/wp-json\/wp\/v2\/users\/1"}],"replies":[{"embeddable":true,"href":"https:\/\/buitensport.inthedemo.com\/de\/wp-json\/wp\/v2\/comments?post=96425"}],"version-history":[{"count":4,"href":"https:\/\/buitensport.inthedemo.com\/de\/wp-json\/wp\/v2\/pages\/96425\/revisions"}],"predecessor-version":[{"id":101323,"href":"https:\/\/buitensport.inthedemo.com\/de\/wp-json\/wp\/v2\/pages\/96425\/revisions\/101323"}],"wp:attachment":[{"href":"https:\/\/buitensport.inthedemo.com\/de\/wp-json\/wp\/v2\/media?parent=96425"}],"curies":[{"name":"wp","href":"https:\/\/api.w.org\/{rel}","templated":true}]}}